{"id":6877,"date":"2022-11-04T14:04:04","date_gmt":"2022-11-04T19:04:04","guid":{"rendered":"https:\/\/silcon.tech\/standard-support\/"},"modified":"2024-07-15T14:32:03","modified_gmt":"2024-07-15T19:32:03","slug":"standard-support","status":"publish","type":"page","link":"https:\/\/www.silcon.tech\/en\/standard-support\/","title":{"rendered":"Standard Support"},"content":{"rendered":"\t\t<div data-elementor-type=\"wp-page\" data-elementor-id=\"6877\" class=\"elementor elementor-6877 elementor-5152\">\n\t\t\t\t\t\t<section class=\"elementor-section elementor-top-section elementor-element elementor-element-41c87d96 elementor-section-boxed elementor-section-height-default elementor-section-height-default\" data-id=\"41c87d96\" data-element_type=\"section\" data-e-type=\"section\" data-settings=\"{&quot;pix_scale_in&quot;:&quot;none&quot;}\">\n\t\t\t\t\t\t<div class=\"elementor-container elementor-column-gap-default\">\n\t\t\t\t\t<div class=\"elementor-column elementor-col-100 elementor-top-column elementor-element elementor-element-326e1f46\" data-id=\"326e1f46\" data-element_type=\"column\" data-e-type=\"column\" data-settings=\"{&quot;pix_scale_in&quot;:&quot;none&quot;}\">\n\t\t\t<div class=\"elementor-widget-wrap elementor-element-populated\">\n\t\t\t\t\t\t<section class=\"elementor-section elementor-inner-section elementor-element elementor-element-8132065 elementor-section-boxed elementor-section-height-default elementor-section-height-default\" data-id=\"8132065\" data-element_type=\"section\" data-e-type=\"section\" data-settings=\"{&quot;pix_scale_in&quot;:&quot;none&quot;}\">\n\t\t\t\t\t\t<div class=\"elementor-container elementor-column-gap-default\">\n\t\t\t\t\t<div class=\"elementor-column elementor-col-50 elementor-inner-column elementor-element elementor-element-6c5368f\" data-id=\"6c5368f\" data-element_type=\"column\" data-e-type=\"column\" data-settings=\"{&quot;pix_scale_in&quot;:&quot;none&quot;}\">\n\t\t\t<div class=\"elementor-widget-wrap elementor-element-populated\">\n\t\t\t\t\t\t<div class=\"elementor-element elementor-element-51700d4 elementor-widget elementor-widget-pix-icon\" data-id=\"51700d4\" data-element_type=\"widget\" data-e-type=\"widget\" data-widget_type=\"pix-icon.default\">\n\t\t\t\t<div class=\"elementor-widget-container\">\n\t\t\t\t\t<div id=\"duo-icon-24129829\" class=\"pix-icon text-left \"><div class=\"pix-icon-bg feature_img position-relative d-inline-block  \"   style=\"width:60px;height:60px;position:relative;line-height:60px;text-align:center;\"><span style=\"font-size:60px;line-height:60px;\" class=\"text-purple d-inline-flex align-middle\"><svg class=\"pixfort-icon \" width=\"60\" height=\"60\"  data-name=\"Duotone\/pixfort-icon-space-rocket-3\" viewBox=\"2 2 20 20\"><g fill=\"none\" fill-rule=\"evenodd\"><path fill=\"var(--pf-icon-color)\" fill-opacity=\".25\" d=\"M8.19986393,18.4375627 C8.44685317,17.9435842 9.04752621,17.7433599 9.54150471,17.9903491 C10.0354832,18.2373384 10.2357076,18.8380114 9.98871831,19.3319899 L8.92805814,21.4533102 C8.68106889,21.9472887 8.08039585,22.1475131 7.58641735,21.9005238 C7.09243885,21.6535346 6.89221451,21.0528616 7.13920375,20.5588831 Z M8.73720219,15.3457069 C9.12772648,15.7362312 9.12772648,16.3693961 8.73720219,16.7599204 L5.73199837,19.7651243 C5.34147408,20.1556485 4.7083091,20.1556485 4.31778481,19.7651243 C3.92726052,19.3746 3.92726052,18.741435 4.31778481,18.3509107 L7.32298863,15.3457069 C7.71351292,14.9551826 8.3466779,14.9551826 8.73720219,15.3457069 Z M6.09963101,14.5484754 C6.34662026,15.0424539 6.14639591,15.643127 5.65241742,15.8901162 L3.53109707,16.9507764 C3.03711857,17.1977656 2.43644553,16.9975413 2.18945629,16.5035628 C1.94246704,16.0095843 2.14269138,15.4089112 2.63666988,15.161922 L4.75799022,14.1012618 C5.25196872,13.8542726 5.85264176,14.0544969 6.09963101,14.5484754 Z\"\/><path fill=\"var(--pf-icon-color)\" d=\"M13.7348382,4.44303872 C16.3088066,2.41672316 18.7487627,1.60340447 21.0777808,2.37974383 C21.3763858,2.47927883 21.6107013,2.71359436 21.7102363,3.01219936 C22.4865757,5.34121744 21.673257,7.78117353 19.6469414,10.3551419 C18.408665,11.9280877 16.9331046,13.350399 14.7213275,15.208271 L13.9811061,15.8237111 L13.9687969,16.1443495 C13.9608657,16.2696493 13.9489288,16.3779146 13.9312449,16.485272 L13.9115808,16.5929241 C13.7826785,17.2374355 13.6026341,17.5315459 12.7572514,18.3989962 L12.2762715,18.8847762 C11.5301152,19.6309326 10.2867903,18.8625156 10.6204816,17.8614418 C11.0835059,16.4723689 11.1003993,16.3212028 10.0372353,15.2355835 L9.12511914,14.3201601 C7.9283242,13.1321793 7.7520686,12.9899366 6.66326864,13.3280168 L6.22853837,13.4694986 C5.22687023,13.803388 4.45855981,12.5586282 5.20602073,11.8128914 L5.52157863,11.4980678 C6.61444609,10.413402 7.01611012,10.1629632 8.16726504,10.1160851 L8.26344065,10.1131167 L8.94671982,9.29134779 C10.6756215,7.23789845 12.0291995,5.82388562 13.4876447,4.64060068 Z M16.2635058,5.70515397 C15.6777194,6.29094041 15.6777194,7.24068788 16.2635058,7.82647432 C16.8492923,8.41226075 17.7990397,8.41226075 18.3848262,7.82647432 C18.9706126,7.24068788 18.9706126,6.29094041 18.3848262,5.70515397 C17.7990397,5.11936753 16.8492923,5.11936753 16.2635058,5.70515397 Z\"\/><\/g><\/svg><\/span><\/div><\/div>\t\t\t\t<\/div>\n\t\t\t\t<\/div>\n\t\t\t\t<div class=\"elementor-element elementor-element-9c04bdd elementor-widget elementor-widget-heading\" data-id=\"9c04bdd\" data-element_type=\"widget\" data-e-type=\"widget\" data-widget_type=\"heading.default\">\n\t\t\t\t<div class=\"elementor-widget-container\">\n\t\t\t\t\t<h2 class=\"elementor-heading-title elementor-size-default\">Benefits<\/h2>\t\t\t\t<\/div>\n\t\t\t\t<\/div>\n\t\t\t\t<div class=\"elementor-element elementor-element-30ed758 elementor-widget elementor-widget-pix-feature-list\" data-id=\"30ed758\" data-element_type=\"widget\" data-e-type=\"widget\" data-widget_type=\"pix-feature-list.default\">\n\t\t\t\t<div class=\"elementor-widget-container\">\n\t\t\t\t\t<div id=\"accordion-1a06225bb02fc62abf7dcd110045bd2b\" class=\"w-100  \" ><div class=\"py-2 \"  ><div class=\"pix-feature-list   font-weight-bold     py-2 d-flex align-items-center\" ><div class=\"d-inline-flex align-items-center pix-mr-10 text-purple\" style=\"font-size:1.2em;position:relative;line-height:1em;text-align:center;\"><svg class=\"pixfort-icon \" width=\"24\" height=\"24\"  data-name=\"Line\/pixfort-icon-check-circle-2\" viewBox=\"2 2 20 20\"><path fill=\"none\" stroke=\"var(--pf-icon-color)\" stroke-linecap=\"round\" stroke-linejoin=\"round\" stroke-width=\"var(--pf-icon-stroke-width)\" d=\"M16.851504,4.41890848 C15.2785766,3.41058149 13.3792693,2.88157501 11.3721917,3.02192355 C6.41373703,3.36865248 2.67519462,7.66935356 3.02192355,12.6278083 C3.36865248,17.586263 7.66935356,21.3248054 12.6278083,20.9780765 C17.586263,20.6313475 21.3248054,16.3306464 20.9780765,11.3721917 C20.9430328,10.871044 20.8675993,10.3823577 20.7551789,9.90909102 M8,11 L11.5,14.5 L20,6\"\/><\/svg><\/div><span class=\"text-dark-opacity-5\">Troubleshooting with acceptable response times.<\/span><\/div><div class=\"pix-feature-list   font-weight-bold     py-2 d-flex align-items-center\" ><div class=\"d-inline-flex align-items-center pix-mr-10 text-purple\" style=\"font-size:1.2em;position:relative;line-height:1em;text-align:center;\"><svg class=\"pixfort-icon \" width=\"24\" height=\"24\"  data-name=\"Line\/pixfort-icon-check-circle-2\" viewBox=\"2 2 20 20\"><path fill=\"none\" stroke=\"var(--pf-icon-color)\" stroke-linecap=\"round\" stroke-linejoin=\"round\" stroke-width=\"var(--pf-icon-stroke-width)\" d=\"M16.851504,4.41890848 C15.2785766,3.41058149 13.3792693,2.88157501 11.3721917,3.02192355 C6.41373703,3.36865248 2.67519462,7.66935356 3.02192355,12.6278083 C3.36865248,17.586263 7.66935356,21.3248054 12.6278083,20.9780765 C17.586263,20.6313475 21.3248054,16.3306464 20.9780765,11.3721917 C20.9430328,10.871044 20.8675993,10.3823577 20.7551789,9.90909102 M8,11 L11.5,14.5 L20,6\"\/><\/svg><\/div><span class=\"text-dark-opacity-5\">Management of problems in the implemented solutions, as long as they are aligned with the initial scope.<\/span><\/div><div class=\"pix-feature-list   font-weight-bold     py-2 d-flex align-items-center\" ><div class=\"d-inline-flex align-items-center pix-mr-10 text-purple\" style=\"font-size:1.2em;position:relative;line-height:1em;text-align:center;\"><svg class=\"pixfort-icon \" width=\"24\" height=\"24\"  data-name=\"Line\/pixfort-icon-check-circle-2\" viewBox=\"2 2 20 20\"><path fill=\"none\" stroke=\"var(--pf-icon-color)\" stroke-linecap=\"round\" stroke-linejoin=\"round\" stroke-width=\"var(--pf-icon-stroke-width)\" d=\"M16.851504,4.41890848 C15.2785766,3.41058149 13.3792693,2.88157501 11.3721917,3.02192355 C6.41373703,3.36865248 2.67519462,7.66935356 3.02192355,12.6278083 C3.36865248,17.586263 7.66935356,21.3248054 12.6278083,20.9780765 C17.586263,20.6313475 21.3248054,16.3306464 20.9780765,11.3721917 C20.9430328,10.871044 20.8675993,10.3823577 20.7551789,9.90909102 M8,11 L11.5,14.5 L20,6\"\/><\/svg><\/div><span class=\"text-dark-opacity-5\">Telephone, electronic and platform access to support managers.<\/span><\/div><\/div><\/div>\t\t\t\t<\/div>\n\t\t\t\t<\/div>\n\t\t\t\t\t<\/div>\n\t\t<\/div>\n\t\t\t\t<div class=\"elementor-column elementor-col-50 elementor-inner-column elementor-element elementor-element-b7429dd\" data-id=\"b7429dd\" data-element_type=\"column\" data-e-type=\"column\" data-settings=\"{&quot;pix_scale_in&quot;:&quot;none&quot;}\">\n\t\t\t<div class=\"elementor-widget-wrap elementor-element-populated\">\n\t\t\t\t\t\t<div class=\"elementor-element elementor-element-40ad329 elementor-widget elementor-widget-shortcode\" data-id=\"40ad329\" data-element_type=\"widget\" data-e-type=\"widget\" data-widget_type=\"shortcode.default\">\n\t\t\t\t<div class=\"elementor-widget-container\">\n\t\t\t\t\t\t\t<div class=\"elementor-shortcode\">\n<div class=\"wpcf7 no-js\" id=\"wpcf7-f7045-o1\" lang=\"en-US\" dir=\"ltr\" data-wpcf7-id=\"7045\">\n<div class=\"screen-reader-response\"><p role=\"status\" aria-live=\"polite\" aria-atomic=\"true\"><\/p> <ul><\/ul><\/div>\n<form action=\"\/en\/wp-json\/wp\/v2\/pages\/6877#wpcf7-f7045-o1\" method=\"post\" class=\"wpcf7-form init\" aria-label=\"Contact form\" novalidate=\"novalidate\" data-status=\"init\">\n<fieldset class=\"hidden-fields-container\"><input type=\"hidden\" name=\"_wpcf7\" value=\"7045\" \/><input type=\"hidden\" name=\"_wpcf7_version\" value=\"6.1.5\" \/><input type=\"hidden\" name=\"_wpcf7_locale\" value=\"en_US\" \/><input type=\"hidden\" name=\"_wpcf7_unit_tag\" value=\"wpcf7-f7045-o1\" \/><input type=\"hidden\" name=\"_wpcf7_container_post\" value=\"0\" \/><input type=\"hidden\" name=\"_wpcf7_posted_data_hash\" value=\"\" \/>\n<\/fieldset>\n<div class=\"pix-contact7-form\"><div class=\"row\">\n\t<div class=\"col-md-6\">\n\t\t<p><label class=\"w-100\"><br \/>\n<span class=\"wpcf7-form-control-wrap\" data-name=\"your-name\"><input size=\"40\" maxlength=\"400\" class=\"wpcf7-form-control wpcf7-text wpcf7-validates-as-required pix-my-5 form-control bg-gray-1 shadow-0\" aria-required=\"true\" aria-invalid=\"false\" placeholder=\"Enter your name\" value=\"\" type=\"text\" name=\"your-name\" \/><\/span><\/label>\n\t\t<\/p>\n\t<\/div>\n\t<div class=\"col-md-6\">\n\t\t<p><label class=\"w-100\"><br \/>\n<span class=\"wpcf7-form-control-wrap\" data-name=\"your-email\"><input size=\"40\" maxlength=\"400\" class=\"wpcf7-form-control wpcf7-email wpcf7-validates-as-required wpcf7-text wpcf7-validates-as-email pix-my-5 form-control bg-gray-1 shadow-0\" aria-required=\"true\" aria-invalid=\"false\" placeholder=\"email@email.com\" value=\"\" type=\"email\" name=\"your-email\" \/><\/span><\/label>\n\t\t<\/p>\n\t<\/div>\n<\/div>\n<p><span class=\"wpcf7-form-control-wrap\" data-name=\"text-370\"><input size=\"40\" maxlength=\"400\" class=\"wpcf7-form-control wpcf7-text pix-my-5 form-control bg-gray-1 shadow-0\" aria-invalid=\"false\" value=\"Information\/Purchase Standard Support\" type=\"text\" name=\"text-370\" \/><\/span>\n<\/p>\n<p><label class=\"w-100\"><span class=\"wpcf7-form-control-wrap\" data-name=\"your-message\"><textarea cols=\"40\" rows=\"4\" maxlength=\"2000\" class=\"wpcf7-form-control wpcf7-textarea pix-my-5 form-control bg-gray-1 shadow-0\" aria-invalid=\"false\" placeholder=\"Please write your message\" name=\"your-message\"><\/textarea><\/span> <\/label>\n<\/p>\n<div class=\"row\">\n\t<div class=\"col-md-6\">\n\t\t<p><label class=\"w-100\"><span class=\"wpcf7-form-control-wrap\" data-name=\"tel-996\"><input size=\"40\" maxlength=\"400\" class=\"wpcf7-form-control wpcf7-tel wpcf7-validates-as-required wpcf7-text wpcf7-validates-as-tel pix-mt-5 form-control bg-gray-1 shadow-0\" aria-required=\"true\" aria-invalid=\"false\" placeholder=\"Tel: +06 51 42 44 44 12\" value=\"\" type=\"tel\" name=\"tel-996\" \/><\/span> <\/label>\n\t\t<\/p>\n\t<\/div>\n<\/div>\n<p><input class=\"wpcf7-form-control wpcf7-submit has-spinner btn btn-gradient-primary text-white w-100 pix-mt-10 font-weight-bold btn-lg secondary-font\" type=\"submit\" value=\"Send to\" \/>\n<\/p><\/div><p style=\"display: none !important;\" class=\"akismet-fields-container\" data-prefix=\"_wpcf7_ak_\"><label>&#916;<textarea name=\"_wpcf7_ak_hp_textarea\" cols=\"45\" rows=\"8\" maxlength=\"100\"><\/textarea><\/label><input type=\"hidden\" id=\"ak_js_1\" name=\"_wpcf7_ak_js\" value=\"250\"\/><script>document.getElementById( \"ak_js_1\" ).setAttribute( \"value\", ( new Date() ).getTime() );<\/script><\/p><div class=\"wpcf7-response-output\" aria-hidden=\"true\"><\/div>\n<\/form>\n<\/div>\n<\/div>\n\t\t\t\t\t\t<\/div>\n\t\t\t\t<\/div>\n\t\t\t\t\t<\/div>\n\t\t<\/div>\n\t\t\t\t\t<\/div>\n\t\t<\/section>\n\t\t\t\t\t<\/div>\n\t\t<\/div>\n\t\t\t\t\t<\/div>\n\t\t<\/section>\n\t\t\t\t<\/div>\n\t\t","protected":false},"excerpt":{"rendered":"<p>Benefits Problem resolution with acceptable response times.Problem management of implemented solutions, as long as they are aligned with the initial scope.Telephone, electronic and platform access to support managers.<\/p>\n","protected":false},"author":5,"featured_media":0,"parent":0,"menu_order":0,"comment_status":"closed","ping_status":"closed","template":"","meta":{"footnotes":""},"class_list":["post-6877","page","type-page","status-publish","hentry"],"yoast_head":"<!-- This site is optimized with the Yoast SEO Premium plugin v27.2 (Yoast SEO v27.2) - https:\/\/yoast.com\/product\/yoast-seo-premium-wordpress\/ -->\n<title>Standard Support - Silcon Technology<\/title>\n<meta name=\"robots\" content=\"index, follow, max-snippet:-1, max-image-preview:large, max-video-preview:-1\" \/>\n<link rel=\"canonical\" href=\"https:\/\/www.silcon.tech\/en\/standard-support\/\" \/>\n<meta property=\"og:locale\" content=\"en_US\" \/>\n<meta property=\"og:type\" content=\"article\" \/>\n<meta property=\"og:title\" content=\"Standard Support\" \/>\n<meta property=\"og:description\" content=\"Benefits Problem resolution with acceptable response times.Problem management of implemented solutions, as long as they are aligned with the initial scope.Telephone, electronic and platform access to support managers.\" \/>\n<meta property=\"og:url\" content=\"https:\/\/www.silcon.tech\/en\/standard-support\/\" \/>\n<meta property=\"og:site_name\" content=\"Silcon Technology\" \/>\n<meta property=\"article:publisher\" content=\"https:\/\/www.instagram.com\/silcontech\" \/>\n<meta property=\"article:modified_time\" content=\"2024-07-15T19:32:03+00:00\" \/>\n<meta property=\"og:image\" content=\"https:\/\/www.silcon.tech\/wp-content\/uploads\/2024\/08\/Diseno-web.webp\" \/>\n\t<meta property=\"og:image:width\" content=\"1200\" \/>\n\t<meta property=\"og:image:height\" content=\"675\" \/>\n\t<meta property=\"og:image:type\" content=\"image\/webp\" \/>\n<meta name=\"twitter:card\" content=\"summary_large_image\" \/>\n<script type=\"application\/ld+json\" class=\"yoast-schema-graph\">{\"@context\":\"https:\/\/schema.org\",\"@graph\":[{\"@type\":\"WebPage\",\"@id\":\"https:\/\/www.silcon.tech\/en\/standard-support\/\",\"url\":\"https:\/\/www.silcon.tech\/en\/standard-support\/\",\"name\":\"Standard Support - Silcon Technology\",\"isPartOf\":{\"@id\":\"https:\/\/www.silcon.tech\/en\/#website\"},\"datePublished\":\"2022-11-04T19:04:04+00:00\",\"dateModified\":\"2024-07-15T19:32:03+00:00\",\"breadcrumb\":{\"@id\":\"https:\/\/www.silcon.tech\/en\/standard-support\/#breadcrumb\"},\"inLanguage\":\"en-US\",\"potentialAction\":[{\"@type\":\"ReadAction\",\"target\":[\"https:\/\/www.silcon.tech\/en\/standard-support\/\"]}]},{\"@type\":\"BreadcrumbList\",\"@id\":\"https:\/\/www.silcon.tech\/en\/standard-support\/#breadcrumb\",\"itemListElement\":[{\"@type\":\"ListItem\",\"position\":1,\"name\":\"Portada\",\"item\":\"https:\/\/www.silcon.tech\/en\/\"},{\"@type\":\"ListItem\",\"position\":2,\"name\":\"Standard Support\"}]},{\"@type\":\"WebSite\",\"@id\":\"https:\/\/www.silcon.tech\/en\/#website\",\"url\":\"https:\/\/www.silcon.tech\/en\/\",\"name\":\"Silcon Technology\",\"description\":\"Consultores en tecnolog\u00eda\",\"publisher\":{\"@id\":\"https:\/\/www.silcon.tech\/en\/#organization\"},\"alternateName\":\"Silcon\",\"potentialAction\":[{\"@type\":\"SearchAction\",\"target\":{\"@type\":\"EntryPoint\",\"urlTemplate\":\"https:\/\/www.silcon.tech\/en\/?s={search_term_string}\"},\"query-input\":{\"@type\":\"PropertyValueSpecification\",\"valueRequired\":true,\"valueName\":\"search_term_string\"}}],\"inLanguage\":\"en-US\"},{\"@type\":\"Organization\",\"@id\":\"https:\/\/www.silcon.tech\/en\/#organization\",\"name\":\"Silcon Technology\",\"alternateName\":\"Silcon\",\"url\":\"https:\/\/www.silcon.tech\/en\/\",\"logo\":{\"@type\":\"ImageObject\",\"inLanguage\":\"en-US\",\"@id\":\"https:\/\/www.silcon.tech\/en\/#\/schema\/logo\/image\/\",\"url\":\"https:\/\/www.silcon.tech\/wp-content\/uploads\/2022\/10\/Silcon-logo.png\",\"contentUrl\":\"https:\/\/www.silcon.tech\/wp-content\/uploads\/2022\/10\/Silcon-logo.png\",\"width\":636,\"height\":188,\"caption\":\"Silcon Technology\"},\"image\":{\"@id\":\"https:\/\/www.silcon.tech\/en\/#\/schema\/logo\/image\/\"},\"sameAs\":[\"https:\/\/www.instagram.com\/silcontech\",\"https:\/\/www.facebook.com\/SilconTech\",\"https:\/\/cr.linkedin.com\/company\/silcon-tech\"],\"description\":\"Ofrecemos servicios de consultor\u00eda de negocios con un enfoque tecnol\u00f3gico. Implementamos soluciones de Tecnolog\u00edas de Informaci\u00f3n y Comunicaci\u00f3n que maximizan el desempe\u00f1o de su negocio y facilita la toma de decisiones en todos los niveles de la organizaci\u00f3n.\",\"email\":\"info@silcon.tech\",\"telephone\":\"+52 8712175109\",\"legalName\":\"Silcon Technology\",\"foundingDate\":\"2020-05-05\",\"numberOfEmployees\":{\"@type\":\"QuantitativeValue\",\"minValue\":\"1\",\"maxValue\":\"10\"}}]}<\/script>\n<!-- \/ Yoast SEO Premium plugin. -->","yoast_head_json":{"title":"Standard Support - Silcon Technology","robots":{"index":"index","follow":"follow","max-snippet":"max-snippet:-1","max-image-preview":"max-image-preview:large","max-video-preview":"max-video-preview:-1"},"canonical":"https:\/\/www.silcon.tech\/en\/standard-support\/","og_locale":"en_US","og_type":"article","og_title":"Standard Support","og_description":"Benefits Problem resolution with acceptable response times.Problem management of implemented solutions, as long as they are aligned with the initial scope.Telephone, electronic and platform access to support managers.","og_url":"https:\/\/www.silcon.tech\/en\/standard-support\/","og_site_name":"Silcon Technology","article_publisher":"https:\/\/www.instagram.com\/silcontech","article_modified_time":"2024-07-15T19:32:03+00:00","og_image":[{"width":1200,"height":675,"url":"https:\/\/www.silcon.tech\/wp-content\/uploads\/2024\/08\/Diseno-web.webp","type":"image\/webp"}],"twitter_card":"summary_large_image","schema":{"@context":"https:\/\/schema.org","@graph":[{"@type":"WebPage","@id":"https:\/\/www.silcon.tech\/en\/standard-support\/","url":"https:\/\/www.silcon.tech\/en\/standard-support\/","name":"Standard Support - Silcon Technology","isPartOf":{"@id":"https:\/\/www.silcon.tech\/en\/#website"},"datePublished":"2022-11-04T19:04:04+00:00","dateModified":"2024-07-15T19:32:03+00:00","breadcrumb":{"@id":"https:\/\/www.silcon.tech\/en\/standard-support\/#breadcrumb"},"inLanguage":"en-US","potentialAction":[{"@type":"ReadAction","target":["https:\/\/www.silcon.tech\/en\/standard-support\/"]}]},{"@type":"BreadcrumbList","@id":"https:\/\/www.silcon.tech\/en\/standard-support\/#breadcrumb","itemListElement":[{"@type":"ListItem","position":1,"name":"Portada","item":"https:\/\/www.silcon.tech\/en\/"},{"@type":"ListItem","position":2,"name":"Standard Support"}]},{"@type":"WebSite","@id":"https:\/\/www.silcon.tech\/en\/#website","url":"https:\/\/www.silcon.tech\/en\/","name":"Silcon Technology","description":"Consultores en tecnolog\u00eda","publisher":{"@id":"https:\/\/www.silcon.tech\/en\/#organization"},"alternateName":"Silcon","potentialAction":[{"@type":"SearchAction","target":{"@type":"EntryPoint","urlTemplate":"https:\/\/www.silcon.tech\/en\/?s={search_term_string}"},"query-input":{"@type":"PropertyValueSpecification","valueRequired":true,"valueName":"search_term_string"}}],"inLanguage":"en-US"},{"@type":"Organization","@id":"https:\/\/www.silcon.tech\/en\/#organization","name":"Silcon Technology","alternateName":"Silcon","url":"https:\/\/www.silcon.tech\/en\/","logo":{"@type":"ImageObject","inLanguage":"en-US","@id":"https:\/\/www.silcon.tech\/en\/#\/schema\/logo\/image\/","url":"https:\/\/www.silcon.tech\/wp-content\/uploads\/2022\/10\/Silcon-logo.png","contentUrl":"https:\/\/www.silcon.tech\/wp-content\/uploads\/2022\/10\/Silcon-logo.png","width":636,"height":188,"caption":"Silcon Technology"},"image":{"@id":"https:\/\/www.silcon.tech\/en\/#\/schema\/logo\/image\/"},"sameAs":["https:\/\/www.instagram.com\/silcontech","https:\/\/www.facebook.com\/SilconTech","https:\/\/cr.linkedin.com\/company\/silcon-tech"],"description":"Ofrecemos servicios de consultor\u00eda de negocios con un enfoque tecnol\u00f3gico. Implementamos soluciones de Tecnolog\u00edas de Informaci\u00f3n y Comunicaci\u00f3n que maximizan el desempe\u00f1o de su negocio y facilita la toma de decisiones en todos los niveles de la organizaci\u00f3n.","email":"info@silcon.tech","telephone":"+52 8712175109","legalName":"Silcon Technology","foundingDate":"2020-05-05","numberOfEmployees":{"@type":"QuantitativeValue","minValue":"1","maxValue":"10"}}]}},"_links":{"self":[{"href":"https:\/\/www.silcon.tech\/en\/wp-json\/wp\/v2\/pages\/6877","targetHints":{"allow":["GET"]}}],"collection":[{"href":"https:\/\/www.silcon.tech\/en\/wp-json\/wp\/v2\/pages"}],"about":[{"href":"https:\/\/www.silcon.tech\/en\/wp-json\/wp\/v2\/types\/page"}],"author":[{"embeddable":true,"href":"https:\/\/www.silcon.tech\/en\/wp-json\/wp\/v2\/users\/5"}],"replies":[{"embeddable":true,"href":"https:\/\/www.silcon.tech\/en\/wp-json\/wp\/v2\/comments?post=6877"}],"version-history":[{"count":5,"href":"https:\/\/www.silcon.tech\/en\/wp-json\/wp\/v2\/pages\/6877\/revisions"}],"predecessor-version":[{"id":6895,"href":"https:\/\/www.silcon.tech\/en\/wp-json\/wp\/v2\/pages\/6877\/revisions\/6895"}],"wp:attachment":[{"href":"https:\/\/www.silcon.tech\/en\/wp-json\/wp\/v2\/media?parent=6877"}],"curies":[{"name":"wp","href":"https:\/\/api.w.org\/{rel}","templated":true}]}}